{"id":330,"date":"2022-05-03T12:46:24","date_gmt":"2022-05-03T15:46:24","guid":{"rendered":"https:\/\/www.fisioclinbrasilia.com.br\/site\/?page_id=330"},"modified":"2025-10-30T13:58:57","modified_gmt":"2025-10-30T16:58:57","slug":"lp","status":"publish","type":"page","link":"https:\/\/www.fisioclinbrasilia.com.br\/site\/lp\/","title":{"rendered":"Fisioclin \u2013 Cl\u00ednica de Fisioterapia em Bras\u00edlia com 28 Anos de Hist\u00f3ria \u2013 A Fisioclin possui 28 anos de experi\u00eancia com foco na individualidade de cada paciente e oferece dezenas de especialidades para garantir a sua sa\u00fade e o seu bem-estar de forma completa."},"content":{"rendered":"\n<h1 class=\"wp-block-heading\" id=\"conte-com-o-conforto-de-uma-clinica-de-fisioterapia-especializada-em-cuidar-exclusivamente-de-voce\"><strong>Conte com o conforto de uma cl\u00ednica de<\/strong> <strong>fisioterapia <\/strong><br><strong>especializada em cuidar exclusivamente de voc\u00ea<\/strong><\/h1>\n\n\n\n<p>A Fisioclin possui 28 anos de experi\u00eancia com foco na individualidade de cada<br>paciente e oferece dezenas de especialidades para garantir a sua sa\u00fade e<br>o seu bem-estar de forma completa<\/p>\n\n\n\n<p><\/p>\n\n\n\n<p><\/p>\n\n\n\n<p><\/p>\n\n\n\n<p><\/p>\n\n\n\n<p><\/p>\n\n\n\n<p><strong>Toque no bot\u00e3o abaixo para agendar um atendimento!<\/strong><\/p>\n","protected":false},"excerpt":{"rendered":"<p>Conte com o conforto de uma cl\u00ednica de fisioterapia especializada em cuidar exclusivamente de voc\u00ea A Fisioclin possui 28 anos de experi\u00eancia com foco na individualidade de cadapaciente e oferece dezenas de especialidades para garantir a sua sa\u00fade eo seu bem-estar de forma completa Toque no bot\u00e3o abaixo para agendar um atendimento!<\/p>\n","protected":false},"author":2,"featured_media":0,"parent":0,"menu_order":0,"comment_status":"closed","ping_status":"closed","template":"landing-page2.php","meta":{"_acf_changed":false,"inline_featured_image":false,"footnotes":""},"class_list":["post-330","page","type-page","status-publish","hentry"],"acf":[],"_links":{"self":[{"href":"https:\/\/www.fisioclinbrasilia.com.br\/site\/wp-json\/wp\/v2\/pages\/330","targetHints":{"allow":["GET"]}}],"collection":[{"href":"https:\/\/www.fisioclinbrasilia.com.br\/site\/wp-json\/wp\/v2\/pages"}],"about":[{"href":"https:\/\/www.fisioclinbrasilia.com.br\/site\/wp-json\/wp\/v2\/types\/page"}],"author":[{"embeddable":true,"href":"https:\/\/www.fisioclinbrasilia.com.br\/site\/wp-json\/wp\/v2\/users\/2"}],"replies":[{"embeddable":true,"href":"https:\/\/www.fisioclinbrasilia.com.br\/site\/wp-json\/wp\/v2\/comments?post=330"}],"version-history":[{"count":31,"href":"https:\/\/www.fisioclinbrasilia.com.br\/site\/wp-json\/wp\/v2\/pages\/330\/revisions"}],"predecessor-version":[{"id":486,"href":"https:\/\/www.fisioclinbrasilia.com.br\/site\/wp-json\/wp\/v2\/pages\/330\/revisions\/486"}],"wp:attachment":[{"href":"https:\/\/www.fisioclinbrasilia.com.br\/site\/wp-json\/wp\/v2\/media?parent=330"}],"curies":[{"name":"wp","href":"https:\/\/api.w.org\/{rel}","templated":true}]}}